{"id":314,"date":"2022-12-01T21:22:53","date_gmt":"2022-12-01T21:22:53","guid":{"rendered":"https:\/\/loyolanotredamelib.org\/manuelgonzalezprada\/?page_id=314"},"modified":"2023-07-20T18:15:12","modified_gmt":"2023-07-20T18:15:12","slug":"paginas-libres","status":"publish","type":"page","link":"https:\/\/loyolanotredamelib.org\/manuelgonzalezprada\/paginas-libres\/","title":{"rendered":"P\u00e1jinas libres"},"content":{"rendered":"\n<figure class=\"wp-block-image size-large\"><img loading=\"lazy\" decoding=\"async\" width=\"1024\" height=\"576\" src=\"https:\/\/loyolanotredamelib.org\/manuelgonzalezprada\/wp-content\/uploads\/2022\/12\/paginas-1024x576.jpg\" alt=\"\" class=\"wp-image-343\" srcset=\"https:\/\/loyolanotredamelib.org\/manuelgonzalezprada\/wp-content\/uploads\/2022\/12\/paginas-1024x576.jpg 1024w, https:\/\/loyolanotredamelib.org\/manuelgonzalezprada\/wp-content\/uploads\/2022\/12\/paginas-300x169.jpg 300w, https:\/\/loyolanotredamelib.org\/manuelgonzalezprada\/wp-content\/uploads\/2022\/12\/paginas-768x432.jpg 768w, https:\/\/loyolanotredamelib.org\/manuelgonzalezprada\/wp-content\/uploads\/2022\/12\/paginas-1536x864.jpg 1536w, https:\/\/loyolanotredamelib.org\/manuelgonzalezprada\/wp-content\/uploads\/2022\/12\/paginas-2048x1152.jpg 2048w\" sizes=\"auto, (max-width: 1024px) 100vw, 1024px\" \/><\/figure>\n\n\n\n<ul class=\"wp-block-list\">\n<li><strong><em><a rel=\"noreferrer noopener\" href=\"https:\/\/loyolanotredamelib.org\/manuelgonzalezprada\/wp-content\/uploads\/2023\/03\/pajinas-prologo-2023.html\" data-type=\"URL\" data-id=\"https:\/\/loyolanotredamelib.org\/manuelgonzalezprada\/wp-content\/uploads\/2023\/03\/pajinas-prologo-2023.html\" target=\"_blank\">Pr\u00f3logo<\/a><\/em><\/strong><\/li>\n\n\n\n<li><strong><em>Primera parte<\/em><\/strong><\/li>\n\n\n\n<li><strong><strong><a href=\"https:\/\/loyolanotredamelib.org\/manuelgonzalezprada\/wp-content\/uploads\/2023\/03\/pajinas1.html\" data-type=\"URL\" data-id=\"https:\/\/loyolanotredamelib.org\/manuelgonzalezprada\/wp-content\/uploads\/2023\/03\/pajinas1.html\" target=\"_blank\" rel=\"noreferrer noopener\">Conferencia en el Ateneo de Lima<\/a><\/strong><\/strong><\/li>\n\n\n\n<li><strong><strong><a href=\"https:\/\/loyolanotredamelib.org\/manuelgonzalezprada\/wp-content\/uploads\/2023\/03\/pajinas2.html\" data-type=\"URL\" data-id=\"https:\/\/loyolanotredamelib.org\/manuelgonzalezprada\/wp-content\/uploads\/2023\/03\/pajinas2.html\" target=\"_blank\" rel=\"noreferrer noopener\">Discurso en el Palacio de la Exposici\u00f3n<\/a><\/strong><\/strong><\/li>\n\n\n\n<li><strong><strong><a href=\"https:\/\/loyolanotredamelib.org\/manuelgonzalezprada\/wp-content\/uploads\/2023\/03\/pajinas3.html\" data-type=\"URL\" data-id=\"https:\/\/loyolanotredamelib.org\/manuelgonzalezprada\/wp-content\/uploads\/2023\/03\/pajinas3.html\" target=\"_blank\" rel=\"noreferrer noopener\">Discurso en el Teatro Olimpo<\/a><\/strong><\/strong><\/li>\n\n\n\n<li><strong><strong><a href=\"https:\/\/loyolanotredamelib.org\/manuelgonzalezprada\/wp-content\/uploads\/2023\/03\/pajinas4.html\" data-type=\"URL\" data-id=\"https:\/\/loyolanotredamelib.org\/manuelgonzalezprada\/wp-content\/uploads\/2023\/03\/pajinas4.html\" target=\"_blank\" rel=\"noreferrer noopener\">Discurso en el entierro de Luis M\u00e1rquez<\/a><\/strong><\/strong><\/li>\n\n\n\n<li><img loading=\"lazy\" decoding=\"async\" width=\"150\" height=\"3\" class=\"wp-image-318\" style=\"width: 150px;\" src=\"https:\/\/loyolanotredamelib.org\/manuelgonzalezprada\/wp-content\/uploads\/2022\/12\/r29.gif\" alt=\"\"><\/li>\n\n\n\n<li><strong><em>Segunda parte<\/em><\/strong> <\/li>\n\n\n\n<li><strong><strong><a href=\"https:\/\/loyolanotredamelib.org\/manuelgonzalezprada\/wp-content\/uploads\/2023\/03\/pajinas5.html\" data-type=\"URL\" data-id=\"https:\/\/loyolanotredamelib.org\/manuelgonzalezprada\/wp-content\/uploads\/2023\/03\/pajinas5.html\" target=\"_blank\" rel=\"noreferrer noopener\">Grau<\/a><\/strong><\/strong><\/li>\n\n\n\n<li><strong><a href=\"https:\/\/loyolanotredamelib.org\/manuelgonzalezprada\/wp-content\/uploads\/2023\/03\/pajinas6.html\" data-type=\"URL\" data-id=\"https:\/\/loyolanotredamelib.org\/manuelgonzalezprada\/wp-content\/uploads\/2023\/03\/pajinas6.html\" target=\"_blank\" rel=\"noreferrer noopener\">Discurso en el Politeama<\/a><\/strong><\/li>\n\n\n\n<li><strong><strong><a href=\"https:\/\/loyolanotredamelib.org\/manuelgonzalezprada\/wp-content\/uploads\/2023\/03\/pajinas7.html\" data-type=\"URL\" data-id=\"https:\/\/loyolanotredamelib.org\/manuelgonzalezprada\/wp-content\/uploads\/2023\/03\/pajinas7.html\" target=\"_blank\" rel=\"noreferrer noopener\">Per\u00fa i Chile<\/a><\/strong><\/strong><\/li>\n\n\n\n<li><strong><strong><a href=\"https:\/\/loyolanotredamelib.org\/manuelgonzalezprada\/wp-content\/uploads\/2023\/03\/pajinas8.html\" data-type=\"URL\" data-id=\"https:\/\/loyolanotredamelib.org\/manuelgonzalezprada\/wp-content\/uploads\/2023\/03\/pajinas8.html\" target=\"_blank\" rel=\"noreferrer noopener\">15 de Julio<\/a><\/strong><\/strong><\/li>\n\n\n\n<li><img loading=\"lazy\" decoding=\"async\" width=\"150\" height=\"3\" class=\"wp-image-318\" style=\"width: 150px;\" src=\"https:\/\/loyolanotredamelib.org\/manuelgonzalezprada\/wp-content\/uploads\/2022\/12\/r29.gif\" alt=\"\"><\/li>\n\n\n\n<li><strong><em>Tercera parte<\/em><\/strong><\/li>\n\n\n\n<li><strong><strong><a href=\"https:\/\/loyolanotredamelib.org\/manuelgonzalezprada\/wp-content\/uploads\/2023\/03\/pajinas9.html\" data-type=\"URL\" data-id=\"https:\/\/loyolanotredamelib.org\/manuelgonzalezprada\/wp-content\/uploads\/2023\/03\/pajinas9.html\" target=\"_blank\" rel=\"noreferrer noopener\">Vijil<\/a><\/strong><\/strong><\/li>\n\n\n\n<li><strong><strong><a href=\"https:\/\/loyolanotredamelib.org\/manuelgonzalezprada\/wp-content\/uploads\/2023\/03\/pajinas10.html\" data-type=\"URL\" data-id=\"https:\/\/loyolanotredamelib.org\/manuelgonzalezprada\/wp-content\/uploads\/2023\/03\/pajinas10.html\" target=\"_blank\" rel=\"noreferrer noopener\">Instrucci\u00f3n cat\u00f3lica<\/a><\/strong><\/strong><\/li>\n\n\n\n<li><strong><strong><a href=\"https:\/\/loyolanotredamelib.org\/manuelgonzalezprada\/wp-content\/uploads\/2023\/03\/pajinas11.html\" data-type=\"URL\" data-id=\"https:\/\/loyolanotredamelib.org\/manuelgonzalezprada\/wp-content\/uploads\/2023\/03\/pajinas11.html\" target=\"_blank\" rel=\"noreferrer noopener\">Libertad d&#8217;escribir<\/a><\/strong><\/strong><\/li>\n\n\n\n<li><strong><strong><a href=\"https:\/\/loyolanotredamelib.org\/manuelgonzalezprada\/wp-content\/uploads\/2023\/03\/pajinas12.html\" target=\"_blank\" rel=\"noreferrer noopener\">Propaganda i ataque<\/a><\/strong><\/strong><\/li>\n\n\n\n<li><img loading=\"lazy\" decoding=\"async\" width=\"150\" height=\"3\" class=\"wp-image-318\" style=\"width: 150px;\" src=\"https:\/\/loyolanotredamelib.org\/manuelgonzalezprada\/wp-content\/uploads\/2022\/12\/r29.gif\" alt=\"\"><\/li>\n\n\n\n<li><strong><em>Cuarta parte<\/em><\/strong> <\/li>\n\n\n\n<li><strong><strong><a href=\"https:\/\/loyolanotredamelib.org\/manuelgonzalezprada\/wp-content\/uploads\/2023\/03\/pajinas13.html\" target=\"_blank\" rel=\"noreferrer noopener\">V\u00edctor Hugo<\/a><\/strong><\/strong><\/li>\n\n\n\n<li><strong><strong><a href=\"https:\/\/loyolanotredamelib.org\/manuelgonzalezprada\/wp-content\/uploads\/2023\/03\/pajinas14.html\" data-type=\"URL\" data-id=\"https:\/\/loyolanotredamelib.org\/manuelgonzalezprada\/wp-content\/uploads\/2023\/03\/pajinas14.html\" target=\"_blank\" rel=\"noreferrer noopener\">Renan<\/a><\/strong><\/strong><\/li>\n\n\n\n<li><strong><strong><a href=\"https:\/\/loyolanotredamelib.org\/manuelgonzalezprada\/wp-content\/uploads\/2023\/03\/pajinas15.html\" data-type=\"URL\" data-id=\"https:\/\/loyolanotredamelib.org\/manuelgonzalezprada\/wp-content\/uploads\/2023\/03\/pajinas15.html\" target=\"_blank\" rel=\"noreferrer noopener\">Valera<\/a><\/strong><\/strong><\/li>\n\n\n\n<li><strong><strong><a href=\"https:\/\/loyolanotredamelib.org\/manuelgonzalezprada\/wp-content\/uploads\/2023\/03\/pajinas16.html\" data-type=\"URL\" data-id=\"https:\/\/loyolanotredamelib.org\/manuelgonzalezprada\/wp-content\/uploads\/2023\/03\/pajinas16.html\" target=\"_blank\" rel=\"noreferrer noopener\">Castelar<\/a><\/strong><\/strong><\/li>\n\n\n\n<li><img loading=\"lazy\" decoding=\"async\" width=\"150\" height=\"3\" class=\"wp-image-318\" style=\"width: 150px;\" src=\"https:\/\/loyolanotredamelib.org\/manuelgonzalezprada\/wp-content\/uploads\/2022\/12\/r29.gif\" alt=\"\"><\/li>\n\n\n\n<li><strong><em>Quinta parte<\/em><\/strong> <\/li>\n\n\n\n<li><strong><strong><a href=\"https:\/\/loyolanotredamelib.org\/manuelgonzalezprada\/wp-content\/uploads\/2023\/03\/pajinas17.html\" data-type=\"URL\" data-id=\"https:\/\/loyolanotredamelib.org\/manuelgonzalezprada\/wp-content\/uploads\/2023\/03\/pajinas17.html\" target=\"_blank\" rel=\"noreferrer noopener\">Los fragmentos de Luzbel<\/a><\/strong><\/strong><\/li>\n\n\n\n<li><strong><strong><a href=\"https:\/\/loyolanotredamelib.org\/manuelgonzalezprada\/wp-content\/uploads\/2023\/03\/pajinas18.html\" data-type=\"URL\" data-id=\"https:\/\/loyolanotredamelib.org\/manuelgonzalezprada\/wp-content\/uploads\/2023\/03\/pajinas18.html\">Notas acerca del idioma<\/a><\/strong><\/strong><\/li>\n\n\n\n<li><strong><strong><a href=\"https:\/\/loyolanotredamelib.org\/manuelgonzalezprada\/wp-content\/uploads\/2023\/03\/pajinas19.html\" data-type=\"URL\" data-id=\"https:\/\/loyolanotredamelib.org\/manuelgonzalezprada\/wp-content\/uploads\/2023\/03\/pajinas19.html\" target=\"_blank\" rel=\"noreferrer noopener\">La Revoluci\u00f3n Francesa<\/a><\/strong><\/strong><\/li>\n\n\n\n<li><strong><strong><a href=\"https:\/\/loyolanotredamelib.org\/manuelgonzalezprada\/wp-content\/uploads\/2023\/03\/pajinas20.html\" data-type=\"URL\" data-id=\"https:\/\/loyolanotredamelib.org\/manuelgonzalezprada\/wp-content\/uploads\/2023\/03\/pajinas20.html\" target=\"_blank\" rel=\"noreferrer noopener\">La muerte i la vida<\/a><\/strong><\/strong><\/li>\n<\/ul>\n\n\n\n<figure class=\"wp-block-image size-full\"><img loading=\"lazy\" decoding=\"async\" width=\"444\" height=\"299\" src=\"https:\/\/loyolanotredamelib.org\/manuelgonzalezprada\/wp-content\/uploads\/2022\/12\/Copy-of-PIC7090.jpg\" alt=\"\" class=\"wp-image-329\" srcset=\"https:\/\/loyolanotredamelib.org\/manuelgonzalezprada\/wp-content\/uploads\/2022\/12\/Copy-of-PIC7090.jpg 444w, https:\/\/loyolanotredamelib.org\/manuelgonzalezprada\/wp-content\/uploads\/2022\/12\/Copy-of-PIC7090-300x202.jpg 300w\" sizes=\"auto, (max-width: 444px) 100vw, 444px\" \/><\/figure>\n\n\n\n<p class=\"has-text-align-center\"><strong>\u00a92003<\/strong>; <strong>\u00a92022<\/strong> <\/p>\n\n\n\n<div class=\"wp-block-group\"><div class=\"wp-block-group__inner-container is-layout-constrained wp-block-group-is-layout-constrained\">\n<div class=\"wp-block-group\"><div class=\"wp-block-group__inner-container is-layout-constrained wp-block-group-is-layout-constrained\">\n<p class=\"has-white-background-color has-background has-small-font-size\">A esta versi\u00f3n electr\u00f3nica de&nbsp;<em>P\u00e1ginas Libres<\/em>, poco a poco vamos a\u00f1adiendo un aparato cr\u00edtico en la forma de notas al pie de la p\u00e1gina. En cuanto a la ortograf\u00eda que Gonz\u00e1lez Prada, hemos respetado las innovaciones que \u00e9l logr\u00e1 con la excepci\u00f3n de modernizar los signos diacr\u00edticos de acuerdo con el uso de nuestros d\u00edas. As\u00ed, \u00abfu\u00e9\u00bb se cambia a \u00abfue\u00bb; \u00abconclu\u00eddo\u00bb a \u00abconcluido\u00bb; y el sustantivo \u00abs\u00e9r\u00bb a \u00abser\u00bb.<\/p>\n\n\n\n<p class=\"has-white-background-color has-background has-small-font-size\">Ni inaugurado la Internet se puso a colocar <em>P\u00e1jinas libres<\/em>.  El \u00abscan\u00bb de la edici\u00f3n de <em>P\u00e1jinas<\/em> incluidas en el tomo 1 de la edici\u00f3n de Luis Alberto S\u00e1nchez de las <em>Obras<\/em> (1985) de Gonz\u00e1lez Prada se llev\u00f3 a cabo en octubre de 1998. Despu\u00e9s tard\u00f3 m\u00e1s de seis meses en \u00ablimpiar\u00bb el archivo, corrigiendo las secciones que el \u00abscanner\u00bb no pudo registrar exactamente. Dentro de este per\u00edodo se a\u00f1adieron los c\u00f3digos iniciales para HTML. Toda esta tarea de amor fue hecha por Erin Degyansky, estudiante de filosof\u00eda y supervisora en el Centro de Idiomas de la instituci\u00f3n que en aquel tiempo se llamaba Loyola College in Maryland. Entre junio y septiembre de 1999 se verific\u00f3 la ortograf\u00eda, siempre respetando las normas que ide\u00f3 Gonz\u00e1lez Prada para su primera edici\u00f3n, la de Par\u00eds. Esta parte del proceso y su integraci\u00f3n a la p\u00e1gina web fue hecho por Thomas Ward, Profesor de Espa\u00f1ol y de Estudios Latinos y Latinoamericanos de Loyola University Maryland, y Brenda Crysler, estudiante de espa\u00f1ol de la misma instituci\u00f3n. A partir de ah\u00ed, de acuerdo con lo que se explica en el p\u00e1rrafo anterior, Thomas Ward lleva a cabo un proceso paulatino de aun m\u00e1s correcciones tipogr\u00e1ficas y del formato al agregar un aparato cr\u00edtico. En enero de 2021, esta edici\u00f3n cr\u00edtica fue publicada por el Editorial Revueltas, ed. Thomas Ward, en Lima Per\u00fa. En diciembre de 2021, con la defunci\u00f3n del server \u00abEvergreen\u00bb de la Loyola University Maryland se ha comenzado a colocar de nuevo los ensayos que constituyen <em>P\u00e1jinas libres <\/em>en su nuevo portal, este patrocinado por la Biblioteca compartida de Loyola University Maryland y Notre Dame University Maryland, tarea imposible sin el apoyo y buen trabajo de la bibliotecaria Clara Love.<\/p>\n<\/div><\/div>\n<\/div><\/div>\n<div class=\"pvc_clear\"><\/div><p id=\"pvc_stats_314\" class=\"pvc_stats total_only  \" data-element-id=\"314\" style=\"\"><i class=\"pvc-stats-icon medium\" aria-hidden=\"true\"><svg xmlns=\"http:\/\/www.w3.org\/2000\/svg\" version=\"1.0\" viewBox=\"0 0 502 315\" preserveAspectRatio=\"xMidYMid meet\"><g transform=\"translate(0,332) scale(0.1,-0.1)\" fill=\"\" stroke=\"none\"><path d=\"M2394 3279 l-29 -30 -3 -207 c-2 -182 0 -211 15 -242 39 -76 157 -76 196 0 15 31 17 60 15 243 l-3 209 -33 29 c-26 23 -41 29 -80 29 -41 0 -53 -5 -78 -31z\"\/><path d=\"M3085 3251 c-45 -19 -58 -50 -96 -229 -47 -217 -49 -260 -13 -295 52 -53 146 -42 177 20 16 31 87 366 87 410 0 70 -86 122 -155 94z\"\/><path d=\"M1751 3234 c-13 -9 -29 -31 -37 -50 -12 -29 -10 -49 21 -204 19 -94 39 -189 45 -210 14 -50 54 -80 110 -80 34 0 48 6 76 34 21 21 34 44 34 59 0 14 -18 113 -40 219 -37 178 -43 195 -70 221 -36 32 -101 37 -139 11z\"\/><path d=\"M1163 3073 c-36 -7 -73 -59 -73 -102 0 -56 133 -378 171 -413 34 -32 83 -37 129 -13 70 36 67 87 -16 290 -86 209 -89 214 -129 231 -35 14 -42 15 -82 7z\"\/><path d=\"M3689 3066 c-15 -9 -33 -30 -42 -48 -48 -103 -147 -355 -147 -375 0 -98 131 -148 192 -74 13 15 57 108 97 206 80 196 84 226 37 273 -30 30 -99 39 -137 18z\"\/><path d=\"M583 2784 c-38 -19 -67 -74 -58 -113 9 -42 211 -354 242 -373 16 -10 45 -18 66 -18 51 0 107 52 107 100 0 39 -1 41 -124 234 -80 126 -108 162 -133 173 -41 17 -61 16 -100 -3z\"\/><path d=\"M4250 2784 c-14 -9 -74 -91 -133 -183 -95 -150 -107 -173 -107 -213 0 -55 33 -94 87 -104 67 -13 90 8 211 198 130 202 137 225 78 284 -27 27 -42 34 -72 34 -22 0 -50 -8 -64 -16z\"\/><path d=\"M2275 2693 c-553 -48 -1095 -270 -1585 -649 -135 -104 -459 -423 -483 -476 -23 -49 -22 -139 2 -186 73 -142 361 -457 571 -626 285 -228 642 -407 990 -497 242 -63 336 -73 660 -74 310 0 370 5 595 52 535 111 1045 392 1455 803 122 121 250 273 275 326 19 41 19 137 0 174 -41 79 -309 363 -465 492 -447 370 -946 591 -1479 653 -113 14 -422 18 -536 8z m395 -428 c171 -34 330 -124 456 -258 112 -119 167 -219 211 -378 27 -96 24 -300 -5 -401 -72 -255 -236 -447 -474 -557 -132 -62 -201 -76 -368 -76 -167 0 -236 14 -368 76 -213 98 -373 271 -451 485 -162 444 86 934 547 1084 153 49 292 57 452 25z m909 -232 c222 -123 408 -262 593 -441 76 -74 138 -139 138 -144 0 -16 -233 -242 -330 -319 -155 -123 -309 -223 -461 -299 l-81 -41 32 46 c18 26 49 83 70 128 143 306 141 649 -6 957 -25 52 -61 116 -79 142 l-34 47 45 -20 c26 -10 76 -36 113 -56z m-2057 25 c-40 -58 -105 -190 -130 -263 -110 -324 -59 -707 132 -981 25 -35 42 -64 37 -64 -19 0 -241 119 -326 174 -188 122 -406 314 -532 468 l-58 71 108 103 c185 178 428 349 672 473 66 33 121 60 123 61 2 0 -10 -19 -26 -42z\"\/><path d=\"M2375 1950 c-198 -44 -350 -190 -395 -379 -18 -76 -8 -221 19 -290 114 -284 457 -406 731 -260 98 52 188 154 231 260 27 69 37 214 19 290 -38 163 -166 304 -326 360 -67 23 -215 33 -279 19z\"\/><\/g><\/svg><\/i> <img loading=\"lazy\" decoding=\"async\" width=\"16\" height=\"16\" alt=\"Loading\" src=\"https:\/\/loyolanotredamelib.org\/manuelgonzalezprada\/wp-content\/plugins\/page-views-count\/ajax-loader-2x.gif\" border=0 \/><\/p><div class=\"pvc_clear\"><\/div>","protected":false},"excerpt":{"rendered":"<p>\u00a92003; \u00a92022 A esta versi\u00f3n electr\u00f3nica de&nbsp;P\u00e1ginas Libres, poco a poco vamos a\u00f1adiendo un aparato cr\u00edtico en la forma de notas al pie de la p\u00e1gina. En cuanto a la ortograf\u00eda que Gonz\u00e1lez Prada, hemos respetado las innovaciones que \u00e9l logr\u00e1 con la excepci\u00f3n de modernizar los signos diacr\u00edticos de acuerdo con el uso de [&hellip;]<\/p>\n<div class=\"pvc_clear\"><\/div>\n<p id=\"pvc_stats_314\" class=\"pvc_stats total_only  \" data-element-id=\"314\" style=\"\"><i class=\"pvc-stats-icon medium\" aria-hidden=\"true\"><svg xmlns=\"http:\/\/www.w3.org\/2000\/svg\" version=\"1.0\" viewBox=\"0 0 502 315\" preserveAspectRatio=\"xMidYMid meet\"><g transform=\"translate(0,332) scale(0.1,-0.1)\" fill=\"\" stroke=\"none\"><path d=\"M2394 3279 l-29 -30 -3 -207 c-2 -182 0 -211 15 -242 39 -76 157 -76 196 0 15 31 17 60 15 243 l-3 209 -33 29 c-26 23 -41 29 -80 29 -41 0 -53 -5 -78 -31z\"\/><path d=\"M3085 3251 c-45 -19 -58 -50 -96 -229 -47 -217 -49 -260 -13 -295 52 -53 146 -42 177 20 16 31 87 366 87 410 0 70 -86 122 -155 94z\"\/><path d=\"M1751 3234 c-13 -9 -29 -31 -37 -50 -12 -29 -10 -49 21 -204 19 -94 39 -189 45 -210 14 -50 54 -80 110 -80 34 0 48 6 76 34 21 21 34 44 34 59 0 14 -18 113 -40 219 -37 178 -43 195 -70 221 -36 32 -101 37 -139 11z\"\/><path d=\"M1163 3073 c-36 -7 -73 -59 -73 -102 0 -56 133 -378 171 -413 34 -32 83 -37 129 -13 70 36 67 87 -16 290 -86 209 -89 214 -129 231 -35 14 -42 15 -82 7z\"\/><path d=\"M3689 3066 c-15 -9 -33 -30 -42 -48 -48 -103 -147 -355 -147 -375 0 -98 131 -148 192 -74 13 15 57 108 97 206 80 196 84 226 37 273 -30 30 -99 39 -137 18z\"\/><path d=\"M583 2784 c-38 -19 -67 -74 -58 -113 9 -42 211 -354 242 -373 16 -10 45 -18 66 -18 51 0 107 52 107 100 0 39 -1 41 -124 234 -80 126 -108 162 -133 173 -41 17 -61 16 -100 -3z\"\/><path d=\"M4250 2784 c-14 -9 -74 -91 -133 -183 -95 -150 -107 -173 -107 -213 0 -55 33 -94 87 -104 67 -13 90 8 211 198 130 202 137 225 78 284 -27 27 -42 34 -72 34 -22 0 -50 -8 -64 -16z\"\/><path d=\"M2275 2693 c-553 -48 -1095 -270 -1585 -649 -135 -104 -459 -423 -483 -476 -23 -49 -22 -139 2 -186 73 -142 361 -457 571 -626 285 -228 642 -407 990 -497 242 -63 336 -73 660 -74 310 0 370 5 595 52 535 111 1045 392 1455 803 122 121 250 273 275 326 19 41 19 137 0 174 -41 79 -309 363 -465 492 -447 370 -946 591 -1479 653 -113 14 -422 18 -536 8z m395 -428 c171 -34 330 -124 456 -258 112 -119 167 -219 211 -378 27 -96 24 -300 -5 -401 -72 -255 -236 -447 -474 -557 -132 -62 -201 -76 -368 -76 -167 0 -236 14 -368 76 -213 98 -373 271 -451 485 -162 444 86 934 547 1084 153 49 292 57 452 25z m909 -232 c222 -123 408 -262 593 -441 76 -74 138 -139 138 -144 0 -16 -233 -242 -330 -319 -155 -123 -309 -223 -461 -299 l-81 -41 32 46 c18 26 49 83 70 128 143 306 141 649 -6 957 -25 52 -61 116 -79 142 l-34 47 45 -20 c26 -10 76 -36 113 -56z m-2057 25 c-40 -58 -105 -190 -130 -263 -110 -324 -59 -707 132 -981 25 -35 42 -64 37 -64 -19 0 -241 119 -326 174 -188 122 -406 314 -532 468 l-58 71 108 103 c185 178 428 349 672 473 66 33 121 60 123 61 2 0 -10 -19 -26 -42z\"\/><path d=\"M2375 1950 c-198 -44 -350 -190 -395 -379 -18 -76 -8 -221 19 -290 114 -284 457 -406 731 -260 98 52 188 154 231 260 27 69 37 214 19 290 -38 163 -166 304 -326 360 -67 23 -215 33 -279 19z\"\/><\/g><\/svg><\/i> <img loading=\"lazy\" decoding=\"async\" width=\"16\" height=\"16\" alt=\"Loading\" src=\"https:\/\/loyolanotredamelib.org\/manuelgonzalezprada\/wp-content\/plugins\/page-views-count\/ajax-loader-2x.gif\" border=0 \/><\/p>\n<div class=\"pvc_clear\"><\/div>\n","protected":false},"author":2,"featured_media":0,"parent":0,"menu_order":0,"comment_status":"closed","ping_status":"closed","template":"","meta":{"footnotes":""},"class_list":["post-314","page","type-page","status-publish","hentry"],"_links":{"self":[{"href":"https:\/\/loyolanotredamelib.org\/manuelgonzalezprada\/wp-json\/wp\/v2\/pages\/314","targetHints":{"allow":["GET"]}}],"collection":[{"href":"https:\/\/loyolanotredamelib.org\/manuelgonzalezprada\/wp-json\/wp\/v2\/pages"}],"about":[{"href":"https:\/\/loyolanotredamelib.org\/manuelgonzalezprada\/wp-json\/wp\/v2\/types\/page"}],"author":[{"embeddable":true,"href":"https:\/\/loyolanotredamelib.org\/manuelgonzalezprada\/wp-json\/wp\/v2\/users\/2"}],"replies":[{"embeddable":true,"href":"https:\/\/loyolanotredamelib.org\/manuelgonzalezprada\/wp-json\/wp\/v2\/comments?post=314"}],"version-history":[{"count":64,"href":"https:\/\/loyolanotredamelib.org\/manuelgonzalezprada\/wp-json\/wp\/v2\/pages\/314\/revisions"}],"predecessor-version":[{"id":1884,"href":"https:\/\/loyolanotredamelib.org\/manuelgonzalezprada\/wp-json\/wp\/v2\/pages\/314\/revisions\/1884"}],"wp:attachment":[{"href":"https:\/\/loyolanotredamelib.org\/manuelgonzalezprada\/wp-json\/wp\/v2\/media?parent=314"}],"curies":[{"name":"wp","href":"https:\/\/api.w.org\/{rel}","templated":true}]}}