{"id":2427,"date":"2024-07-10T16:14:35","date_gmt":"2024-07-10T16:14:35","guid":{"rendered":"https:\/\/loyolanotredamelib.org\/manuelgonzalezprada\/?page_id=2427"},"modified":"2024-08-03T16:50:52","modified_gmt":"2024-08-03T16:50:52","slug":"propaganda-y-ataque","status":"publish","type":"page","link":"https:\/\/loyolanotredamelib.org\/manuelgonzalezprada\/propaganda-y-ataque\/","title":{"rendered":"Propaganda y ataque"},"content":{"rendered":"\n<figure class=\"wp-block-image size-full\"><img loading=\"lazy\" decoding=\"async\" width=\"438\" height=\"584\" src=\"https:\/\/loyolanotredamelib.org\/manuelgonzalezprada\/wp-content\/uploads\/2024\/07\/mgp-pa.jpg\" alt=\"\" class=\"wp-image-2431\" srcset=\"https:\/\/loyolanotredamelib.org\/manuelgonzalezprada\/wp-content\/uploads\/2024\/07\/mgp-pa.jpg 438w, https:\/\/loyolanotredamelib.org\/manuelgonzalezprada\/wp-content\/uploads\/2024\/07\/mgp-pa-225x300.jpg 225w\" sizes=\"auto, (max-width: 438px) 100vw, 438px\" \/><\/figure>\n\n\n\n<p class=\"has-text-align-center\">\u00abArdua tarea corresponde al escritor nacional, como llamado a contrarrestar <br>el pernicioso influjo del hombre p\u00fablico:<br>su obra tiene que ser de propaganda y ataque&#8230; <br>Hay que mostrar al pueblo el horror de su <br>envilecimiento y de su miseria: nunca se verific\u00f3 <br>excelente autopsia sin despedazar el cad\u00e1ver, ni <br>se conoci\u00f3 a fondo una sociedad sin descarnar su<br>esqueleto. \u00bfPor qu\u00e9 asustarse o escandalizarse?&#8230; <br>La lepra no se cura escondi\u00f3 con guante blanco\u00bb.<\/p>\n\n\n\n<p class=\"has-text-align-right\"><em><a href=\"https:\/\/loyolanotredamelib.org\/manuelgonzalezprada\/paginas-libres\/\" data-type=\"link\" data-id=\"https:\/\/loyolanotredamelib.org\/manuelgonzalezprada\/paginas-libres\/\">P\u00e1ginas libres<\/a><\/em>, <strong>Manuel Gonz\u00e1lez Prada<\/strong><br><\/p>\n\n\n\n<p><strong>Indice<\/strong> <\/p>\n\n\n\n<li style=\"font-family: &quot;Times New Roman&quot;; font-size: medium; white-space-collapse: collapse;\"><a href=\"https:\/\/loyolanotredamelib.org\/manuelgonzalezprada\/wp-content\/uploads\/2024\/07\/PROP-Prologo.htm\" target=\"_blank\" rel=\"noopener\"><font size=\"+1\">Pr&oacute;logo<\/font><\/a> (de Thomas Ward) <\/li>\n\n\n\n<li style=\"font-family: &quot;Times New Roman&quot;; font-size: medium; white-space-collapse: collapse;\"><a href=\"https:\/\/loyolanotredamelib.org\/manuelgonzalezprada\/wp-content\/uploads\/2024\/07\/PROP-1.htm\" target=\"_blank\" rel=\"noopener\"><font size=\"+1\">Advertencias<\/font><\/a> (de Alfredo Gonz\u00e1lez Prada) <\/li>\n\n\n\n<p><strong>Primera parte: art\u00edculos religiosos<\/strong><\/p>\n\n\n\n<li style=\"font-family: &quot;Times New Roman&quot;; font-size: medium; white-space-collapse: collapse;\"><a href=\"https:\/\/loyolanotredamelib.org\/manuelgonzalezprada\/wp-content\/uploads\/2024\/07\/PROP-2.htm\" target=\"_blank\" rel=\"noopener\"><font size=\"+1\">El enemigo<\/font><\/a><\/li>\n\n\n\n<li style=\"font-family: &quot;Times New Roman&quot;; font-size: medium; white-space-collapse: collapse;\"><a href=\"https:\/\/loyolanotredamelib.org\/manuelgonzalezprada\/wp-content\/uploads\/2024\/07\/PROP-3.htm\" target=\"_blank\" rel=\"noopener\"><font size=\"+1\">Pol\u00e9micas religiosas<\/font><\/a><\/li>\n\n\n\n<li style=\"font-family: &quot;Times New Roman&quot;; font-size: medium; white-space-collapse: collapse;\"><a href=\"https:\/\/loyolanotredamelib.org\/manuelgonzalezprada\/wp-content\/uploads\/2024\/07\/PROP-4.htm\" target=\"_blank\" rel=\"noopener\"><font size=\"+1\">Comedores de papas<\/font><\/a><\/li>\n\n\n\n<li style=\"font-family: &quot;Times New Roman&quot;; font-size: medium; white-space-collapse: collapse;\"><a href=\"https:\/\/loyolanotredamelib.org\/manuelgonzalezprada\/wp-content\/uploads\/2024\/07\/PROP-5.htm\" target=\"_blank\" rel=\"noopener\"><font size=\"+1\">La santa ignorancia<\/font><\/a><\/li>\n\n\n\n<li style=\"font-family: &quot;Times New Roman&quot;; font-size: medium; white-space-collapse: collapse;\"><a href=\"https:\/\/loyolanotredamelib.org\/manuelgonzalezprada\/wp-content\/uploads\/2024\/07\/PROP-6.htm\" target=\"_blank\" rel=\"noopener\"><font size=\"+1\">La fe y sus defensores<\/font><\/a><\/li>\n\n\n\n<li style=\"font-family: &quot;Times New Roman&quot;; font-size: medium; white-space-collapse: collapse;\"><a href=\"https:\/\/loyolanotredamelib.org\/manuelgonzalezprada\/wp-content\/uploads\/2024\/07\/PROP-6B.htm\" target=\"_blank\" rel=\"noopener\"><font size=\"+1\">La cuestion religiosa<\/font><\/a><\/li>\n\n\n\n<li style=\"font-family: &quot;Times New Roman&quot;; font-size: medium; white-space-collapse: collapse;\"><a href=\"https:\/\/loyolanotredamelib.org\/manuelgonzalezprada\/wp-content\/uploads\/2024\/07\/PROP-7.htm\" target=\"_blank\" rel=\"noopener\"><font size=\"+1\">La Trinidad<\/font><\/a><\/li>\n\n\n\n<li style=\"font-family: &quot;Times New Roman&quot;; font-size: medium; white-space-collapse: collapse;\"><a href=\"https:\/\/loyolanotredamelib.org\/manuelgonzalezprada\/wp-content\/uploads\/2024\/07\/PROP-8.htm\" target=\"_blank\" rel=\"noopener\"><font size=\"+1\">Los libros sagrados<\/font><\/a><\/li>\n\n\n\n<li style=\"font-family: &quot;Times New Roman&quot;; font-size: medium; white-space-collapse: collapse;\"><a href=\"https:\/\/loyolanotredamelib.org\/manuelgonzalezprada\/wp-content\/uploads\/2024\/07\/PROP-9.htm\" target=\"_blank\" rel=\"noopener\"><font size=\"+1\">La Inmaculada Concepcion<\/font><\/a><\/li>\n\n\n\n<li style=\"font-family: &quot;Times New Roman&quot;; font-size: medium; white-space-collapse: collapse;\"><a href=\"https:\/\/loyolanotredamelib.org\/manuelgonzalezprada\/wp-content\/uploads\/2024\/07\/PROP-10.htm\" target=\"_blank\" rel=\"noopener\"><font size=\"+1\">La educacion de los jesuitas<\/font><\/a><\/li>\n\n\n\n<li style=\"font-family: &quot;Times New Roman&quot;; font-size: medium; white-space-collapse: collapse;\"><a href=\"https:\/\/loyolanotredamelib.org\/manuelgonzalezprada\/wp-content\/uploads\/2024\/07\/PROP-11.htm\" target=\"_blank\" rel=\"noopener\"><font size=\"+1\">Congreso de Ginebra<\/font><\/a><\/li>\n\n\n\n<li style=\"font-family: &quot;Times New Roman&quot;; font-size: medium; white-space-collapse: collapse;\"><a href=\"https:\/\/loyolanotredamelib.org\/manuelgonzalezprada\/wp-content\/uploads\/2024\/07\/PROP-12.htm\" target=\"_blank\" rel=\"noopener\"><font size=\"+1\">Moribundos y muertos<\/font><\/a><\/li>\n\n\n\n<li style=\"font-family: &quot;Times New Roman&quot;; font-size: medium; white-space-collapse: collapse;\"><a href=\"https:\/\/loyolanotredamelib.org\/manuelgonzalezprada\/wp-content\/uploads\/2024\/07\/PROP-13.htm\" target=\"_blank\" rel=\"noopener\"><font size=\"+1\">Estamos con San Jeronimo<\/font><\/a><\/li>\n\n\n\n<p><\/p>\n\n\n\n<p><strong>Segunda parte: art\u00edculos pol\u00edticos<\/strong> <\/p>\n\n\n\n<li style=\"font-family: &quot;Times New Roman&quot;; font-size: medium; white-space-collapse: collapse;\"><a href=\"https:\/\/loyolanotredamelib.org\/manuelgonzalezprada\/wp-content\/uploads\/2024\/07\/PROP-14.htm\" target=\"_blank\" rel=\"noopener\"><font size=\"+1\">La ciudad humana<\/font><\/a><\/li>\n\n\n\n<li style=\"font-family: &quot;Times New Roman&quot;; font-size: medium; white-space-collapse: collapse;\"><a href=\"https:\/\/loyolanotredamelib.org\/manuelgonzalezprada\/wp-content\/uploads\/2024\/07\/PROP-15.htm\" target=\"_blank\" rel=\"noopener\"><font size=\"+1\">La retirada de Billinghurst<\/font><\/a><\/li>\n\n\n\n<li style=\"font-family: &quot;Times New Roman&quot;; font-size: medium; white-space-collapse: collapse;\"><a href=\"https:\/\/loyolanotredamelib.org\/manuelgonzalezprada\/wp-content\/uploads\/2024\/07\/PROP-16.htm\" target=\"_blank\" rel=\"noopener\"><font size=\"+1\">El honrado y el devoto<\/font><\/a><\/li>\n\n\n\n<li style=\"font-family: &quot;Times New Roman&quot;; font-size: medium; white-space-collapse: collapse;\"><a href=\"https:\/\/loyolanotredamelib.org\/manuelgonzalezprada\/wp-content\/uploads\/2024\/07\/PROP-17.htm\" target=\"_blank\" rel=\"noopener\"><font size=\"+1\">Cuidado con la bolsa<\/font><\/a><\/li>\n\n\n\n<li style=\"font-family: &quot;Times New Roman&quot;; font-size: medium; white-space-collapse: collapse;\"><a href=\"https:\/\/loyolanotredamelib.org\/manuelgonzalezprada\/wp-content\/uploads\/2024\/07\/PROP-18.htm\" target=\"_blank\" rel=\"noopener\"><font size=\"+1\">Las autoridades y la Union Nacional<\/font><\/a><\/li>\n\n\n\n<li style=\"font-family: &quot;Times New Roman&quot;; font-size: medium; white-space-collapse: collapse;\"><a href=\"https:\/\/loyolanotredamelib.org\/manuelgonzalezprada\/wp-content\/uploads\/2024\/07\/PROP-19.htm\" target=\"_blank\" rel=\"noopener\"><font size=\"+1\">\u00abGerminal\u00bb<\/font><\/a><\/li>\n\n\n\n<li style=\"font-family: &quot;Times New Roman&quot;; font-size: medium; white-space-collapse: collapse;\"><a href=\"https:\/\/loyolanotredamelib.org\/manuelgonzalezprada\/wp-content\/uploads\/2024\/07\/PROP-20.htm\" target=\"_blank\" rel=\"noopener\"><font size=\"+1\">La Union Nacional<\/font><\/a><\/li>\n\n\n\n<li style=\"font-family: &quot;Times New Roman&quot;; font-size: medium; white-space-collapse: collapse;\"><a href=\"https:\/\/loyolanotredamelib.org\/manuelgonzalezprada\/wp-content\/uploads\/2024\/07\/PROP-21.htm\" target=\"_blank\" rel=\"noopener\"><font size=\"+1\">El mensaje y la prensa<\/font><\/a><\/li>\n\n\n\n<li style=\"font-family: &quot;Times New Roman&quot;; font-size: medium; white-space-collapse: collapse;\"><a href=\"https:\/\/loyolanotredamelib.org\/manuelgonzalezprada\/wp-content\/uploads\/2024\/07\/PROP-22.htm\" target=\"_blank\" rel=\"noopener\"><font size=\"+1\">El mensaje y la providencia<\/font><\/a><\/li>\n\n\n\n<li style=\"font-family: &quot;Times New Roman&quot;; font-size: medium; white-space-collapse: collapse;\"><a href=\"https:\/\/loyolanotredamelib.org\/manuelgonzalezprada\/wp-content\/uploads\/2024\/07\/PROP-23.htm\" target=\"_blank\" rel=\"noopener\"><font size=\"+1\">Roma\u00f1a y la prensa<\/font><\/a><\/li>\n\n\n\n<li style=\"font-family: &quot;Times New Roman&quot;; font-size: medium; white-space-collapse: collapse;\"><a href=\"https:\/\/loyolanotredamelib.org\/manuelgonzalezprada\/wp-content\/uploads\/2024\/07\/PROP-24.htm\" target=\"_blank\" rel=\"noopener\"><font size=\"+1\">El escritor y la ley<\/font><\/a><\/li>\n\n\n\n<li style=\"font-family: &quot;Times New Roman&quot;; font-size: medium; white-space-collapse: collapse;\"><a href=\"https:\/\/loyolanotredamelib.org\/manuelgonzalezprada\/wp-content\/uploads\/2024\/07\/PROP-25.htm\" target=\"_blank\" rel=\"noopener\"><font size=\"+1\">Una leccion<\/font><\/a><\/li>\n\n\n\n<li style=\"font-family: &quot;Times New Roman&quot;; font-size: medium; white-space-collapse: collapse;\"><a href=\"https:\/\/loyolanotredamelib.org\/manuelgonzalezprada\/wp-content\/uploads\/2024\/07\/PROP-26.htm\" target=\"_blank\" rel=\"noopener\"><font size=\"+1\">La ley del palo<\/font><\/a><\/li>\n\n\n\n<li style=\"font-family: &quot;Times New Roman&quot;; font-size: medium; white-space-collapse: collapse;\"><a href=\"https:\/\/loyolanotredamelib.org\/manuelgonzalezprada\/wp-content\/uploads\/2024\/07\/PROP-27.htm\" target=\"_blank\" rel=\"noopener\"><font size=\"+1\">El momento politico<\/font><\/a><\/li>\n\n\n\n<li style=\"font-family: &quot;Times New Roman&quot;; font-size: medium; white-space-collapse: collapse;\"><a href=\"https:\/\/loyolanotredamelib.org\/manuelgonzalezprada\/wp-content\/uploads\/2024\/07\/PROP-28.htm\" target=\"_blank\" rel=\"noopener\"><font size=\"+1\">Mercaderes politicos<\/font><\/a><\/li>\n\n\n\n<p class=\"has-text-align-center\"><em>El escaneo inicial y la lectura posterior de pruebas, <\/em><\/p>\n\n\n\n<p class=\"has-text-align-center\"><em>Dawn DeLeonardis, Loyola College<\/em>, 2000.<\/p>\n\n\n\n<p class=\"has-text-align-center\"><em>Lanzado en 2001, actualizado en 2024, Thomas Ward<\/em><\/p>\n\n\n\n<p class=\"has-text-align-center\"><strong>\u00a92004<\/strong>&nbsp;<strong>\u00a92024<\/strong><\/p>\n\n\n<div class=\"wp-block-image\">\n<figure class=\"aligncenter size-full\"><img loading=\"lazy\" decoding=\"async\" width=\"179\" height=\"317\" src=\"https:\/\/loyolanotredamelib.org\/manuelgonzalezprada\/wp-content\/uploads\/2024\/07\/gp-stat.jpg\" alt=\"\" class=\"wp-image-2583\" srcset=\"https:\/\/loyolanotredamelib.org\/manuelgonzalezprada\/wp-content\/uploads\/2024\/07\/gp-stat.jpg 179w, https:\/\/loyolanotredamelib.org\/manuelgonzalezprada\/wp-content\/uploads\/2024\/07\/gp-stat-169x300.jpg 169w\" sizes=\"auto, (max-width: 179px) 100vw, 179px\" \/><\/figure>\n<\/div><div class=\"pvc_clear\"><\/div><p id=\"pvc_stats_2427\" class=\"pvc_stats total_only  \" data-element-id=\"2427\" style=\"\"><i class=\"pvc-stats-icon medium\" aria-hidden=\"true\"><svg xmlns=\"http:\/\/www.w3.org\/2000\/svg\" version=\"1.0\" viewBox=\"0 0 502 315\" preserveAspectRatio=\"xMidYMid meet\"><g transform=\"translate(0,332) scale(0.1,-0.1)\" fill=\"\" stroke=\"none\"><path d=\"M2394 3279 l-29 -30 -3 -207 c-2 -182 0 -211 15 -242 39 -76 157 -76 196 0 15 31 17 60 15 243 l-3 209 -33 29 c-26 23 -41 29 -80 29 -41 0 -53 -5 -78 -31z\"\/><path d=\"M3085 3251 c-45 -19 -58 -50 -96 -229 -47 -217 -49 -260 -13 -295 52 -53 146 -42 177 20 16 31 87 366 87 410 0 70 -86 122 -155 94z\"\/><path d=\"M1751 3234 c-13 -9 -29 -31 -37 -50 -12 -29 -10 -49 21 -204 19 -94 39 -189 45 -210 14 -50 54 -80 110 -80 34 0 48 6 76 34 21 21 34 44 34 59 0 14 -18 113 -40 219 -37 178 -43 195 -70 221 -36 32 -101 37 -139 11z\"\/><path d=\"M1163 3073 c-36 -7 -73 -59 -73 -102 0 -56 133 -378 171 -413 34 -32 83 -37 129 -13 70 36 67 87 -16 290 -86 209 -89 214 -129 231 -35 14 -42 15 -82 7z\"\/><path d=\"M3689 3066 c-15 -9 -33 -30 -42 -48 -48 -103 -147 -355 -147 -375 0 -98 131 -148 192 -74 13 15 57 108 97 206 80 196 84 226 37 273 -30 30 -99 39 -137 18z\"\/><path d=\"M583 2784 c-38 -19 -67 -74 -58 -113 9 -42 211 -354 242 -373 16 -10 45 -18 66 -18 51 0 107 52 107 100 0 39 -1 41 -124 234 -80 126 -108 162 -133 173 -41 17 -61 16 -100 -3z\"\/><path d=\"M4250 2784 c-14 -9 -74 -91 -133 -183 -95 -150 -107 -173 -107 -213 0 -55 33 -94 87 -104 67 -13 90 8 211 198 130 202 137 225 78 284 -27 27 -42 34 -72 34 -22 0 -50 -8 -64 -16z\"\/><path d=\"M2275 2693 c-553 -48 -1095 -270 -1585 -649 -135 -104 -459 -423 -483 -476 -23 -49 -22 -139 2 -186 73 -142 361 -457 571 -626 285 -228 642 -407 990 -497 242 -63 336 -73 660 -74 310 0 370 5 595 52 535 111 1045 392 1455 803 122 121 250 273 275 326 19 41 19 137 0 174 -41 79 -309 363 -465 492 -447 370 -946 591 -1479 653 -113 14 -422 18 -536 8z m395 -428 c171 -34 330 -124 456 -258 112 -119 167 -219 211 -378 27 -96 24 -300 -5 -401 -72 -255 -236 -447 -474 -557 -132 -62 -201 -76 -368 -76 -167 0 -236 14 -368 76 -213 98 -373 271 -451 485 -162 444 86 934 547 1084 153 49 292 57 452 25z m909 -232 c222 -123 408 -262 593 -441 76 -74 138 -139 138 -144 0 -16 -233 -242 -330 -319 -155 -123 -309 -223 -461 -299 l-81 -41 32 46 c18 26 49 83 70 128 143 306 141 649 -6 957 -25 52 -61 116 -79 142 l-34 47 45 -20 c26 -10 76 -36 113 -56z m-2057 25 c-40 -58 -105 -190 -130 -263 -110 -324 -59 -707 132 -981 25 -35 42 -64 37 -64 -19 0 -241 119 -326 174 -188 122 -406 314 -532 468 l-58 71 108 103 c185 178 428 349 672 473 66 33 121 60 123 61 2 0 -10 -19 -26 -42z\"\/><path d=\"M2375 1950 c-198 -44 -350 -190 -395 -379 -18 -76 -8 -221 19 -290 114 -284 457 -406 731 -260 98 52 188 154 231 260 27 69 37 214 19 290 -38 163 -166 304 -326 360 -67 23 -215 33 -279 19z\"\/><\/g><\/svg><\/i> <img loading=\"lazy\" decoding=\"async\" width=\"16\" height=\"16\" alt=\"Loading\" src=\"https:\/\/loyolanotredamelib.org\/manuelgonzalezprada\/wp-content\/plugins\/page-views-count\/ajax-loader-2x.gif\" border=0 \/><\/p><div class=\"pvc_clear\"><\/div>","protected":false},"excerpt":{"rendered":"<p>\u00abArdua tarea corresponde al escritor nacional, como llamado a contrarrestar el pernicioso influjo del hombre p\u00fablico:su obra tiene que ser de propaganda y ataque&#8230; Hay que mostrar al pueblo el horror de su envilecimiento y de su miseria: nunca se verific\u00f3 excelente autopsia sin despedazar el cad\u00e1ver, ni se conoci\u00f3 a fondo una sociedad sin [&hellip;]<\/p>\n<div class=\"pvc_clear\"><\/div>\n<p id=\"pvc_stats_2427\" class=\"pvc_stats total_only  \" data-element-id=\"2427\" style=\"\"><i class=\"pvc-stats-icon medium\" aria-hidden=\"true\"><svg xmlns=\"http:\/\/www.w3.org\/2000\/svg\" version=\"1.0\" viewBox=\"0 0 502 315\" preserveAspectRatio=\"xMidYMid meet\"><g transform=\"translate(0,332) scale(0.1,-0.1)\" fill=\"\" stroke=\"none\"><path d=\"M2394 3279 l-29 -30 -3 -207 c-2 -182 0 -211 15 -242 39 -76 157 -76 196 0 15 31 17 60 15 243 l-3 209 -33 29 c-26 23 -41 29 -80 29 -41 0 -53 -5 -78 -31z\"\/><path d=\"M3085 3251 c-45 -19 -58 -50 -96 -229 -47 -217 -49 -260 -13 -295 52 -53 146 -42 177 20 16 31 87 366 87 410 0 70 -86 122 -155 94z\"\/><path d=\"M1751 3234 c-13 -9 -29 -31 -37 -50 -12 -29 -10 -49 21 -204 19 -94 39 -189 45 -210 14 -50 54 -80 110 -80 34 0 48 6 76 34 21 21 34 44 34 59 0 14 -18 113 -40 219 -37 178 -43 195 -70 221 -36 32 -101 37 -139 11z\"\/><path d=\"M1163 3073 c-36 -7 -73 -59 -73 -102 0 -56 133 -378 171 -413 34 -32 83 -37 129 -13 70 36 67 87 -16 290 -86 209 -89 214 -129 231 -35 14 -42 15 -82 7z\"\/><path d=\"M3689 3066 c-15 -9 -33 -30 -42 -48 -48 -103 -147 -355 -147 -375 0 -98 131 -148 192 -74 13 15 57 108 97 206 80 196 84 226 37 273 -30 30 -99 39 -137 18z\"\/><path d=\"M583 2784 c-38 -19 -67 -74 -58 -113 9 -42 211 -354 242 -373 16 -10 45 -18 66 -18 51 0 107 52 107 100 0 39 -1 41 -124 234 -80 126 -108 162 -133 173 -41 17 -61 16 -100 -3z\"\/><path d=\"M4250 2784 c-14 -9 -74 -91 -133 -183 -95 -150 -107 -173 -107 -213 0 -55 33 -94 87 -104 67 -13 90 8 211 198 130 202 137 225 78 284 -27 27 -42 34 -72 34 -22 0 -50 -8 -64 -16z\"\/><path d=\"M2275 2693 c-553 -48 -1095 -270 -1585 -649 -135 -104 -459 -423 -483 -476 -23 -49 -22 -139 2 -186 73 -142 361 -457 571 -626 285 -228 642 -407 990 -497 242 -63 336 -73 660 -74 310 0 370 5 595 52 535 111 1045 392 1455 803 122 121 250 273 275 326 19 41 19 137 0 174 -41 79 -309 363 -465 492 -447 370 -946 591 -1479 653 -113 14 -422 18 -536 8z m395 -428 c171 -34 330 -124 456 -258 112 -119 167 -219 211 -378 27 -96 24 -300 -5 -401 -72 -255 -236 -447 -474 -557 -132 -62 -201 -76 -368 -76 -167 0 -236 14 -368 76 -213 98 -373 271 -451 485 -162 444 86 934 547 1084 153 49 292 57 452 25z m909 -232 c222 -123 408 -262 593 -441 76 -74 138 -139 138 -144 0 -16 -233 -242 -330 -319 -155 -123 -309 -223 -461 -299 l-81 -41 32 46 c18 26 49 83 70 128 143 306 141 649 -6 957 -25 52 -61 116 -79 142 l-34 47 45 -20 c26 -10 76 -36 113 -56z m-2057 25 c-40 -58 -105 -190 -130 -263 -110 -324 -59 -707 132 -981 25 -35 42 -64 37 -64 -19 0 -241 119 -326 174 -188 122 -406 314 -532 468 l-58 71 108 103 c185 178 428 349 672 473 66 33 121 60 123 61 2 0 -10 -19 -26 -42z\"\/><path d=\"M2375 1950 c-198 -44 -350 -190 -395 -379 -18 -76 -8 -221 19 -290 114 -284 457 -406 731 -260 98 52 188 154 231 260 27 69 37 214 19 290 -38 163 -166 304 -326 360 -67 23 -215 33 -279 19z\"\/><\/g><\/svg><\/i> <img loading=\"lazy\" decoding=\"async\" width=\"16\" height=\"16\" alt=\"Loading\" src=\"https:\/\/loyolanotredamelib.org\/manuelgonzalezprada\/wp-content\/plugins\/page-views-count\/ajax-loader-2x.gif\" border=0 \/><\/p>\n<div class=\"pvc_clear\"><\/div>\n","protected":false},"author":2,"featured_media":0,"parent":0,"menu_order":0,"comment_status":"closed","ping_status":"closed","template":"","meta":{"footnotes":""},"class_list":["post-2427","page","type-page","status-publish","hentry"],"_links":{"self":[{"href":"https:\/\/loyolanotredamelib.org\/manuelgonzalezprada\/wp-json\/wp\/v2\/pages\/2427","targetHints":{"allow":["GET"]}}],"collection":[{"href":"https:\/\/loyolanotredamelib.org\/manuelgonzalezprada\/wp-json\/wp\/v2\/pages"}],"about":[{"href":"https:\/\/loyolanotredamelib.org\/manuelgonzalezprada\/wp-json\/wp\/v2\/types\/page"}],"author":[{"embeddable":true,"href":"https:\/\/loyolanotredamelib.org\/manuelgonzalezprada\/wp-json\/wp\/v2\/users\/2"}],"replies":[{"embeddable":true,"href":"https:\/\/loyolanotredamelib.org\/manuelgonzalezprada\/wp-json\/wp\/v2\/comments?post=2427"}],"version-history":[{"count":53,"href":"https:\/\/loyolanotredamelib.org\/manuelgonzalezprada\/wp-json\/wp\/v2\/pages\/2427\/revisions"}],"predecessor-version":[{"id":2731,"href":"https:\/\/loyolanotredamelib.org\/manuelgonzalezprada\/wp-json\/wp\/v2\/pages\/2427\/revisions\/2731"}],"wp:attachment":[{"href":"https:\/\/loyolanotredamelib.org\/manuelgonzalezprada\/wp-json\/wp\/v2\/media?parent=2427"}],"curies":[{"name":"wp","href":"https:\/\/api.w.org\/{rel}","templated":true}]}}