{"id":2,"date":"2022-08-26T15:55:59","date_gmt":"2022-08-26T15:55:59","guid":{"rendered":"https:\/\/loyolanotredamelib.org\/manuelgonzalezprada\/?page_id=2"},"modified":"2023-01-21T15:52:52","modified_gmt":"2023-01-21T15:52:52","slug":"sample-page","status":"publish","type":"page","link":"https:\/\/loyolanotredamelib.org\/manuelgonzalezprada\/sample-page\/","title":{"rendered":"Minibiograf\u00eda"},"content":{"rendered":"<div class=\"wp-block-image wp-duotone-000000-cf2e2e-1\">\n<figure class=\"aligncenter size-full is-resized\"><img loading=\"lazy\" decoding=\"async\" src=\"https:\/\/loyolanotredamelib.org\/manuelgonzalezprada\/wp-content\/uploads\/2022\/11\/pic3100-reduced2.jpg\" alt=\"Imagen de Manuel Gonz\u00e1lez Prada\" class=\"wp-image-89\" width=\"196\" height=\"326\" srcset=\"https:\/\/loyolanotredamelib.org\/manuelgonzalezprada\/wp-content\/uploads\/2022\/11\/pic3100-reduced2.jpg 190w, https:\/\/loyolanotredamelib.org\/manuelgonzalezprada\/wp-content\/uploads\/2022\/11\/pic3100-reduced2-180x300.jpg 180w\" sizes=\"auto, (max-width: 196px) 100vw, 196px\" \/><figcaption class=\"wp-element-caption\">Manuel Gonz\u00e1lez Prada cuando frisaba en los cuarenta. <\/figcaption><\/figure>\n<\/div>\n\n\n<p class=\"has-vivid-red-background-color has-background has-medium-font-size\"><strong>Manuel Gonz\u00e1lez Prada&nbsp;(1844-1918)<\/strong> fue un hombre de grandes rechazos. Nacido en la aristocracia lime\u00f1a, se apart\u00f3 de ella para acercarse al obrero. Fue socio del Ateneo de Lima (el Club Literario de Ricardo Palma), pero poco a poco fue desilusion\u00e1ndose con la tradici\u00f3n literaria que predominaba all\u00ed. Particip\u00f3 en la fundaci\u00f3n del C\u00edrculo literario, veh\u00edculo para proponer una literatura basada en la ciencia y orientada as\u00ed hacia el futuro.&nbsp;Se alej\u00f3 del partido Civilista para fundar con sus amigos del C\u00edrculo un partido radical, la Uni\u00f3n Nacional. Este partido lo nombr\u00f3 candidato presidencial, pero \u00e9l neg\u00f3 su propio caudillaje, huyendo a Europa. En sus ensayos, divulg\u00f3 las ideas positivistas de Auguste Comte. Sin embargo, termin\u00f3 convirti\u00e9ndose en partidario del anarquismo, el elemento social m\u00e1s criticado por el fil\u00f3sofo franc\u00e9s.<\/p>\n\n\n\n<p class=\"has-vivid-red-background-color has-background has-medium-font-size\">&nbsp;&nbsp;&nbsp;&nbsp;&nbsp;&nbsp;<strong>Gonz\u00e1lez Prada<\/strong>&nbsp;siempre fue rebelde. Despu\u00e9s de la Guerra del Pac\u00edfico, sali\u00f3 de su casa (donde hab\u00eda permanecido como signo de protesta contra los chilenos), y se puso a criticar todo lo que fuera conservador, en discursos, en congresos y en el peri\u00f3dico de mayor importancia,&nbsp;<em>El Comercio<\/em>. Despu\u00e9s de poco tiempo, hab\u00eda ofendido a todos.&nbsp;<em>El Comercio<\/em>&nbsp;neg\u00f3 a publicarlo m\u00e1s, y el joven anarquista se frustr\u00f3.<\/p>\n\n\n\n<p class=\"has-vivid-red-background-color has-background has-medium-font-size\">&nbsp;&nbsp;&nbsp;&nbsp;&nbsp;&nbsp;<strong>Despu\u00e9s&nbsp;de su estad\u00eda en Europa (1891-1898)<\/strong>, vuelve al Per\u00fa. No m\u00e1s dar\u00eda discursos sobre la literatura, ahora se acerca al proletario. Negado sus v\u00ednculos con la prensa del&nbsp;<em>Establishment<\/em>, publica sus ensayos en la prensa ef\u00edmera.<\/p>\n\n\n\n<p class=\"has-text-align-left has-vivid-red-background-color has-background has-medium-font-size\">\u00a0\u00a0\u00a0<strong>\u00a0\u00a0\u00a0Al final\u00a0de su vida<\/strong> tom\u00f3 por primera vez un trabajo en el gobierno. Como director de la Biblioteca Nacional del Per\u00fa, en la Avenida Abancay, reorganiz\u00f3 y elev\u00f3 las materias. Muri\u00f3 de un infarto card\u00edaco el 22 de julio de 1918. Su influencia se qued\u00f3 registrada en escritores y pol\u00edticos tan diversos como Jos\u00e9 Santos Chocano, C\u00e9sar Vallejo, Jos\u00e9 Carlos Mari\u00e1tegui, V\u00edctor Ra\u00fal Haya de la Torre, y el joven Mario Vargas Llosa.<\/p>\n\n\n\n<p class=\"has-text-align-right has-vivid-red-background-color has-background\">Thomas Ward, \u00a92001 \u00a92023<\/p>\n<div class=\"pvc_clear\"><\/div><p id=\"pvc_stats_2\" class=\"pvc_stats total_only  \" data-element-id=\"2\" style=\"\"><i class=\"pvc-stats-icon medium\" aria-hidden=\"true\"><svg xmlns=\"http:\/\/www.w3.org\/2000\/svg\" version=\"1.0\" viewBox=\"0 0 502 315\" preserveAspectRatio=\"xMidYMid meet\"><g transform=\"translate(0,332) scale(0.1,-0.1)\" fill=\"\" stroke=\"none\"><path d=\"M2394 3279 l-29 -30 -3 -207 c-2 -182 0 -211 15 -242 39 -76 157 -76 196 0 15 31 17 60 15 243 l-3 209 -33 29 c-26 23 -41 29 -80 29 -41 0 -53 -5 -78 -31z\"\/><path d=\"M3085 3251 c-45 -19 -58 -50 -96 -229 -47 -217 -49 -260 -13 -295 52 -53 146 -42 177 20 16 31 87 366 87 410 0 70 -86 122 -155 94z\"\/><path d=\"M1751 3234 c-13 -9 -29 -31 -37 -50 -12 -29 -10 -49 21 -204 19 -94 39 -189 45 -210 14 -50 54 -80 110 -80 34 0 48 6 76 34 21 21 34 44 34 59 0 14 -18 113 -40 219 -37 178 -43 195 -70 221 -36 32 -101 37 -139 11z\"\/><path d=\"M1163 3073 c-36 -7 -73 -59 -73 -102 0 -56 133 -378 171 -413 34 -32 83 -37 129 -13 70 36 67 87 -16 290 -86 209 -89 214 -129 231 -35 14 -42 15 -82 7z\"\/><path d=\"M3689 3066 c-15 -9 -33 -30 -42 -48 -48 -103 -147 -355 -147 -375 0 -98 131 -148 192 -74 13 15 57 108 97 206 80 196 84 226 37 273 -30 30 -99 39 -137 18z\"\/><path d=\"M583 2784 c-38 -19 -67 -74 -58 -113 9 -42 211 -354 242 -373 16 -10 45 -18 66 -18 51 0 107 52 107 100 0 39 -1 41 -124 234 -80 126 -108 162 -133 173 -41 17 -61 16 -100 -3z\"\/><path d=\"M4250 2784 c-14 -9 -74 -91 -133 -183 -95 -150 -107 -173 -107 -213 0 -55 33 -94 87 -104 67 -13 90 8 211 198 130 202 137 225 78 284 -27 27 -42 34 -72 34 -22 0 -50 -8 -64 -16z\"\/><path d=\"M2275 2693 c-553 -48 -1095 -270 -1585 -649 -135 -104 -459 -423 -483 -476 -23 -49 -22 -139 2 -186 73 -142 361 -457 571 -626 285 -228 642 -407 990 -497 242 -63 336 -73 660 -74 310 0 370 5 595 52 535 111 1045 392 1455 803 122 121 250 273 275 326 19 41 19 137 0 174 -41 79 -309 363 -465 492 -447 370 -946 591 -1479 653 -113 14 -422 18 -536 8z m395 -428 c171 -34 330 -124 456 -258 112 -119 167 -219 211 -378 27 -96 24 -300 -5 -401 -72 -255 -236 -447 -474 -557 -132 -62 -201 -76 -368 -76 -167 0 -236 14 -368 76 -213 98 -373 271 -451 485 -162 444 86 934 547 1084 153 49 292 57 452 25z m909 -232 c222 -123 408 -262 593 -441 76 -74 138 -139 138 -144 0 -16 -233 -242 -330 -319 -155 -123 -309 -223 -461 -299 l-81 -41 32 46 c18 26 49 83 70 128 143 306 141 649 -6 957 -25 52 -61 116 -79 142 l-34 47 45 -20 c26 -10 76 -36 113 -56z m-2057 25 c-40 -58 -105 -190 -130 -263 -110 -324 -59 -707 132 -981 25 -35 42 -64 37 -64 -19 0 -241 119 -326 174 -188 122 -406 314 -532 468 l-58 71 108 103 c185 178 428 349 672 473 66 33 121 60 123 61 2 0 -10 -19 -26 -42z\"\/><path d=\"M2375 1950 c-198 -44 -350 -190 -395 -379 -18 -76 -8 -221 19 -290 114 -284 457 -406 731 -260 98 52 188 154 231 260 27 69 37 214 19 290 -38 163 -166 304 -326 360 -67 23 -215 33 -279 19z\"\/><\/g><\/svg><\/i> <img loading=\"lazy\" decoding=\"async\" width=\"16\" height=\"16\" alt=\"Loading\" src=\"https:\/\/loyolanotredamelib.org\/manuelgonzalezprada\/wp-content\/plugins\/page-views-count\/ajax-loader-2x.gif\" border=0 \/><\/p><div class=\"pvc_clear\"><\/div>","protected":false},"excerpt":{"rendered":"<p>Manuel Gonz\u00e1lez Prada&nbsp;(1844-1918) fue un hombre de grandes rechazos. Nacido en la aristocracia lime\u00f1a, se apart\u00f3 de ella para acercarse al obrero. Fue socio del Ateneo de Lima (el Club Literario de Ricardo Palma), pero poco a poco fue desilusion\u00e1ndose con la tradici\u00f3n literaria que predominaba all\u00ed. Particip\u00f3 en la fundaci\u00f3n del C\u00edrculo literario, veh\u00edculo [&hellip;]<\/p>\n<div class=\"pvc_clear\"><\/div>\n<p id=\"pvc_stats_2\" class=\"pvc_stats total_only  \" data-element-id=\"2\" style=\"\"><i class=\"pvc-stats-icon medium\" aria-hidden=\"true\"><svg xmlns=\"http:\/\/www.w3.org\/2000\/svg\" version=\"1.0\" viewBox=\"0 0 502 315\" preserveAspectRatio=\"xMidYMid meet\"><g transform=\"translate(0,332) scale(0.1,-0.1)\" fill=\"\" stroke=\"none\"><path d=\"M2394 3279 l-29 -30 -3 -207 c-2 -182 0 -211 15 -242 39 -76 157 -76 196 0 15 31 17 60 15 243 l-3 209 -33 29 c-26 23 -41 29 -80 29 -41 0 -53 -5 -78 -31z\"\/><path d=\"M3085 3251 c-45 -19 -58 -50 -96 -229 -47 -217 -49 -260 -13 -295 52 -53 146 -42 177 20 16 31 87 366 87 410 0 70 -86 122 -155 94z\"\/><path d=\"M1751 3234 c-13 -9 -29 -31 -37 -50 -12 -29 -10 -49 21 -204 19 -94 39 -189 45 -210 14 -50 54 -80 110 -80 34 0 48 6 76 34 21 21 34 44 34 59 0 14 -18 113 -40 219 -37 178 -43 195 -70 221 -36 32 -101 37 -139 11z\"\/><path d=\"M1163 3073 c-36 -7 -73 -59 -73 -102 0 -56 133 -378 171 -413 34 -32 83 -37 129 -13 70 36 67 87 -16 290 -86 209 -89 214 -129 231 -35 14 -42 15 -82 7z\"\/><path d=\"M3689 3066 c-15 -9 -33 -30 -42 -48 -48 -103 -147 -355 -147 -375 0 -98 131 -148 192 -74 13 15 57 108 97 206 80 196 84 226 37 273 -30 30 -99 39 -137 18z\"\/><path d=\"M583 2784 c-38 -19 -67 -74 -58 -113 9 -42 211 -354 242 -373 16 -10 45 -18 66 -18 51 0 107 52 107 100 0 39 -1 41 -124 234 -80 126 -108 162 -133 173 -41 17 -61 16 -100 -3z\"\/><path d=\"M4250 2784 c-14 -9 -74 -91 -133 -183 -95 -150 -107 -173 -107 -213 0 -55 33 -94 87 -104 67 -13 90 8 211 198 130 202 137 225 78 284 -27 27 -42 34 -72 34 -22 0 -50 -8 -64 -16z\"\/><path d=\"M2275 2693 c-553 -48 -1095 -270 -1585 -649 -135 -104 -459 -423 -483 -476 -23 -49 -22 -139 2 -186 73 -142 361 -457 571 -626 285 -228 642 -407 990 -497 242 -63 336 -73 660 -74 310 0 370 5 595 52 535 111 1045 392 1455 803 122 121 250 273 275 326 19 41 19 137 0 174 -41 79 -309 363 -465 492 -447 370 -946 591 -1479 653 -113 14 -422 18 -536 8z m395 -428 c171 -34 330 -124 456 -258 112 -119 167 -219 211 -378 27 -96 24 -300 -5 -401 -72 -255 -236 -447 -474 -557 -132 -62 -201 -76 -368 -76 -167 0 -236 14 -368 76 -213 98 -373 271 -451 485 -162 444 86 934 547 1084 153 49 292 57 452 25z m909 -232 c222 -123 408 -262 593 -441 76 -74 138 -139 138 -144 0 -16 -233 -242 -330 -319 -155 -123 -309 -223 -461 -299 l-81 -41 32 46 c18 26 49 83 70 128 143 306 141 649 -6 957 -25 52 -61 116 -79 142 l-34 47 45 -20 c26 -10 76 -36 113 -56z m-2057 25 c-40 -58 -105 -190 -130 -263 -110 -324 -59 -707 132 -981 25 -35 42 -64 37 -64 -19 0 -241 119 -326 174 -188 122 -406 314 -532 468 l-58 71 108 103 c185 178 428 349 672 473 66 33 121 60 123 61 2 0 -10 -19 -26 -42z\"\/><path d=\"M2375 1950 c-198 -44 -350 -190 -395 -379 -18 -76 -8 -221 19 -290 114 -284 457 -406 731 -260 98 52 188 154 231 260 27 69 37 214 19 290 -38 163 -166 304 -326 360 -67 23 -215 33 -279 19z\"\/><\/g><\/svg><\/i> <img loading=\"lazy\" decoding=\"async\" width=\"16\" height=\"16\" alt=\"Loading\" src=\"https:\/\/loyolanotredamelib.org\/manuelgonzalezprada\/wp-content\/plugins\/page-views-count\/ajax-loader-2x.gif\" border=0 \/><\/p>\n<div class=\"pvc_clear\"><\/div>\n","protected":false},"author":1,"featured_media":0,"parent":0,"menu_order":1,"comment_status":"closed","ping_status":"open","template":"","meta":{"footnotes":""},"class_list":["post-2","page","type-page","status-publish","hentry"],"_links":{"self":[{"href":"https:\/\/loyolanotredamelib.org\/manuelgonzalezprada\/wp-json\/wp\/v2\/pages\/2","targetHints":{"allow":["GET"]}}],"collection":[{"href":"https:\/\/loyolanotredamelib.org\/manuelgonzalezprada\/wp-json\/wp\/v2\/pages"}],"about":[{"href":"https:\/\/loyolanotredamelib.org\/manuelgonzalezprada\/wp-json\/wp\/v2\/types\/page"}],"author":[{"embeddable":true,"href":"https:\/\/loyolanotredamelib.org\/manuelgonzalezprada\/wp-json\/wp\/v2\/users\/1"}],"replies":[{"embeddable":true,"href":"https:\/\/loyolanotredamelib.org\/manuelgonzalezprada\/wp-json\/wp\/v2\/comments?post=2"}],"version-history":[{"count":7,"href":"https:\/\/loyolanotredamelib.org\/manuelgonzalezprada\/wp-json\/wp\/v2\/pages\/2\/revisions"}],"predecessor-version":[{"id":782,"href":"https:\/\/loyolanotredamelib.org\/manuelgonzalezprada\/wp-json\/wp\/v2\/pages\/2\/revisions\/782"}],"wp:attachment":[{"href":"https:\/\/loyolanotredamelib.org\/manuelgonzalezprada\/wp-json\/wp\/v2\/media?parent=2"}],"curies":[{"name":"wp","href":"https:\/\/api.w.org\/{rel}","templated":true}]}}