{"id":1747,"date":"2023-06-19T15:56:11","date_gmt":"2023-06-19T15:56:11","guid":{"rendered":"https:\/\/loyolanotredamelib.org\/manuelgonzalezprada\/?page_id=1747"},"modified":"2023-09-18T16:45:23","modified_gmt":"2023-09-18T16:45:23","slug":"horas-de-lucha","status":"publish","type":"page","link":"https:\/\/loyolanotredamelib.org\/manuelgonzalezprada\/horas-de-lucha\/","title":{"rendered":"Horas de lucha"},"content":{"rendered":"\n<figure class=\"wp-block-image size-full\"><img loading=\"lazy\" decoding=\"async\" width=\"945\" height=\"496\" src=\"https:\/\/loyolanotredamelib.org\/manuelgonzalezprada\/wp-content\/uploads\/2023\/07\/01-trabajo.jpg\" alt=\"\" class=\"wp-image-1868\" srcset=\"https:\/\/loyolanotredamelib.org\/manuelgonzalezprada\/wp-content\/uploads\/2023\/07\/01-trabajo.jpg 945w, https:\/\/loyolanotredamelib.org\/manuelgonzalezprada\/wp-content\/uploads\/2023\/07\/01-trabajo-300x157.jpg 300w, https:\/\/loyolanotredamelib.org\/manuelgonzalezprada\/wp-content\/uploads\/2023\/07\/01-trabajo-768x403.jpg 768w\" sizes=\"auto, (max-width: 945px) 100vw, 945px\" \/><\/figure>\n\n\n\n<p class=\"has-luminous-vivid-orange-color has-text-color\"><strong><strong>PRIMERA PARTE<\/strong><\/strong><\/p>\n\n\n\n<p><strong><strong><a href=\"https:\/\/loyolanotredamelib.org\/manuelgonzalezprada\/wp-content\/uploads\/2023\/06\/HORAS1.html\" data-type=\"URL\" data-id=\"https:\/\/loyolanotredamelib.org\/manuelgonzalezprada\/wp-content\/uploads\/2023\/06\/HORAS1.html\" target=\"_blank\" rel=\"noreferrer noopener\">Los partidos y la Uni\u00f3n Nacional<\/a><\/strong><\/strong><\/p>\n\n\n\n<p><strong><strong><a href=\"https:\/\/loyolanotredamelib.org\/manuelgonzalezprada\/wp-content\/uploads\/2023\/06\/HORAS2.html\" data-type=\"URL\" data-id=\"https:\/\/loyolanotredamelib.org\/manuelgonzalezprada\/wp-content\/uploads\/2023\/06\/HORAS2.html\" target=\"_blank\" rel=\"noreferrer noopener\">Librepensamiento de acci\u00f3n<\/a><\/strong><\/strong><\/p>\n\n\n\n<p><strong><strong><a href=\"https:\/\/loyolanotredamelib.org\/manuelgonzalezprada\/wp-content\/uploads\/2023\/06\/HORAS3.html\" data-type=\"attachment\" data-id=\"1676\" target=\"_blank\" rel=\"noreferrer noopener\">El intelectual y el obrero<\/a><\/strong><\/strong><\/p>\n\n\n\n<p><strong><strong><a href=\"https:\/\/loyolanotredamelib.org\/manuelgonzalezprada\/wp-content\/uploads\/2023\/06\/HORAS4.html\" data-type=\"URL\" data-id=\"https:\/\/loyolanotredamelib.org\/manuelgonzalezprada\/wp-content\/uploads\/2023\/06\/HORAS4.html\" target=\"_blank\" rel=\"noreferrer noopener\">Las esclavas de la Iglesia<\/a><\/strong><\/strong><\/p>\n\n\n\n<p><strong><strong><a rel=\"noreferrer noopener\" href=\"https:\/\/loyolanotredamelib.org\/manuelgonzalezprada\/wp-content\/uploads\/2023\/06\/HORAS5.html\" data-type=\"URL\" data-id=\"https:\/\/loyolanotredamelib.org\/manuelgonzalezprada\/wp-content\/uploads\/2023\/06\/HORAS5.html\" target=\"_blank\">Italia y el papado<\/a><br><\/strong><\/strong><\/p>\n\n\n\n<figure class=\"wp-block-image size-full\"><img loading=\"lazy\" decoding=\"async\" width=\"700\" height=\"8\" src=\"https:\/\/loyolanotredamelib.org\/manuelgonzalezprada\/wp-content\/uploads\/2023\/06\/redline-3.gif\" alt=\"\" class=\"wp-image-1664\"\/><\/figure>\n\n\n\n<p class=\"has-luminous-vivid-orange-color has-text-color\"><strong>SEGUNDA PARTE<\/strong><\/p>\n\n\n\n<p><strong><strong><a href=\"https:\/\/loyolanotredamelib.org\/manuelgonzalezprada\/wp-content\/uploads\/2023\/06\/HORAS6.html\" data-type=\"attachment\" data-id=\"1699\" target=\"_blank\" rel=\"noreferrer noopener\">Nuestro periodismo<\/a><\/strong><\/strong><\/p>\n\n\n\n<p><strong><strong><a href=\"https:\/\/loyolanotredamelib.org\/manuelgonzalezprada\/wp-content\/uploads\/2023\/06\/HORAS7.html\" data-type=\"attachment\" data-id=\"1691\" target=\"_blank\" rel=\"noreferrer noopener\">Nuestros conservadores<\/a><\/strong><\/strong><\/p>\n\n\n\n<p><strong><strong><a href=\"https:\/\/loyolanotredamelib.org\/manuelgonzalezprada\/wp-content\/uploads\/2023\/06\/HORAS8.html\" data-type=\"URL\" data-id=\"https:\/\/loyolanotredamelib.org\/manuelgonzalezprada\/wp-content\/uploads\/2023\/06\/HORAS8.html\" target=\"_blank\" rel=\"noreferrer noopener\">Nuestros liberales<\/a><\/strong><\/strong><\/p>\n\n\n\n<p><strong><strong><a href=\"https:\/\/loyolanotredamelib.org\/manuelgonzalezprada\/wp-content\/uploads\/2023\/06\/HORAS9.html\" data-type=\"URL\" data-id=\"https:\/\/loyolanotredamelib.org\/manuelgonzalezprada\/wp-content\/uploads\/2023\/06\/HORAS9.html\" target=\"_blank\" rel=\"noreferrer noopener\">Nuestros magistrados<\/a><\/strong><\/strong><\/p>\n\n\n\n<p><strong><strong><a href=\"https:\/\/loyolanotredamelib.org\/manuelgonzalezprada\/wp-content\/uploads\/2023\/06\/HORAS10.html\" data-type=\"attachment\" data-id=\"1740\" target=\"_blank\" rel=\"noreferrer noopener\">Nuestros legisladores<\/a><\/strong><\/strong><\/p>\n\n\n\n<p><strong><strong><a href=\"https:\/\/loyolanotredamelib.org\/manuelgonzalezprada\/wp-content\/uploads\/2023\/06\/HORAS11.html\" data-type=\"attachment\" data-id=\"1710\" target=\"_blank\" rel=\"noreferrer noopener\">Nuestra aristocracia<\/a><\/strong><\/strong><\/p>\n\n\n\n<p><strong><strong><a href=\"https:\/\/loyolanotredamelib.org\/manuelgonzalezprada\/wp-content\/uploads\/2023\/06\/HORAS12.html\" data-type=\"attachment\" data-id=\"1711\" target=\"_blank\" rel=\"noreferrer noopener\">Nuestros beduinos<\/a><\/strong><\/strong><\/p>\n\n\n\n<p><strong><strong><a href=\"https:\/\/loyolanotredamelib.org\/manuelgonzalezprada\/wp-content\/uploads\/2023\/06\/HORAS13.html\" data-type=\"attachment\" data-id=\"1707\" target=\"_blank\" rel=\"noreferrer noopener\">Nuestros tigres<\/a><\/strong><\/strong><\/p>\n\n\n\n<p><strong><strong><a href=\"https:\/\/loyolanotredamelib.org\/manuelgonzalezprada\/wp-content\/uploads\/2023\/06\/HORAS14.html\" data-type=\"attachment\" data-id=\"1708\" target=\"_blank\" rel=\"noreferrer noopener\">Nuestros ventrales<\/a><\/strong><\/strong><\/p>\n\n\n\n<p><strong><strong><a href=\"https:\/\/loyolanotredamelib.org\/manuelgonzalezprada\/wp-content\/uploads\/2023\/06\/HORAS15.html\" data-type=\"attachment\" data-id=\"1709\" target=\"_blank\" rel=\"noreferrer noopener\">Nuestros inmigrantes<\/a><\/strong><\/strong><\/p>\n\n\n\n<p><strong><strong><a href=\"https:\/\/loyolanotredamelib.org\/manuelgonzalezprada\/wp-content\/uploads\/2023\/06\/HORAS16.html\" data-type=\"attachment\" data-id=\"1720\" target=\"_blank\" rel=\"noreferrer noopener\">Nuestros aficionados<\/a><\/strong><\/strong><\/p>\n\n\n\n<p><strong><strong><a href=\"https:\/\/loyolanotredamelib.org\/manuelgonzalezprada\/wp-content\/uploads\/2023\/06\/HORAS17.html\" data-type=\"attachment\" data-id=\"1712\" target=\"_blank\" rel=\"noreferrer noopener\">Nuestras glorificaciones<\/a><\/strong><\/strong><\/p>\n\n\n\n<p><strong><strong><a href=\"https:\/\/loyolanotredamelib.org\/manuelgonzalezprada\/wp-content\/uploads\/2023\/06\/HORAS18.html\" data-type=\"attachment\" data-id=\"1721\" target=\"_blank\" rel=\"noreferrer noopener\">Nuestros Licenciados Vidriera<\/a><\/strong><\/strong><\/p>\n\n\n\n<p><strong><strong><a href=\"https:\/\/loyolanotredamelib.org\/manuelgonzalezprada\/wp-content\/uploads\/2023\/06\/HORAS19.html\" data-type=\"attachment\" data-id=\"1714\" target=\"_blank\" rel=\"noreferrer noopener\">Nuestros indios<\/a><\/strong><\/strong><\/p>\n\n\n\n<p><strong><strong><a rel=\"noreferrer noopener\" href=\"https:\/\/loyolanotredamelib.org\/manuelgonzalezprada\/wp-content\/uploads\/2023\/06\/HORAS20.html\" data-type=\"attachment\" data-id=\"1715\" target=\"_blank\">Pol\u00edtica y religi\u00f3n<\/a><\/strong><\/strong><\/p>\n\n\n\n<figure class=\"wp-block-image size-full\"><img loading=\"lazy\" decoding=\"async\" width=\"700\" height=\"8\" src=\"https:\/\/loyolanotredamelib.org\/manuelgonzalezprada\/wp-content\/uploads\/2023\/06\/redline-3.gif\" alt=\"\" class=\"wp-image-1664\"\/><\/figure>\n\n\n\n<p class=\"has-luminous-vivid-orange-color has-text-color\"><strong><strong>APENDICE<\/strong><\/strong><\/p>\n\n\n\n<p><strong><strong><a rel=\"noreferrer noopener\" href=\"https:\/\/loyolanotredamelib.org\/manuelgonzalezprada\/wp-content\/uploads\/2023\/06\/apendice.html\" data-type=\"attachment\" data-id=\"1717\" target=\"_blank\">Dos cartas<\/a><\/strong><\/strong><\/p>\n\n\n\n<figure class=\"wp-block-image size-full\"><img loading=\"lazy\" decoding=\"async\" width=\"287\" height=\"487\" src=\"https:\/\/loyolanotredamelib.org\/manuelgonzalezprada\/wp-content\/uploads\/2023\/06\/LAVAN090.jpg\" alt=\"\" class=\"wp-image-1653\" srcset=\"https:\/\/loyolanotredamelib.org\/manuelgonzalezprada\/wp-content\/uploads\/2023\/06\/LAVAN090.jpg 287w, https:\/\/loyolanotredamelib.org\/manuelgonzalezprada\/wp-content\/uploads\/2023\/06\/LAVAN090-177x300.jpg 177w\" sizes=\"auto, (max-width: 287px) 100vw, 287px\" \/><\/figure>\n\n\n\n<p class=\"has-text-align-left\">                <strong><strong>Francisco Laso<br>                \u00abLa Lavandera\u00bb (1858)<br>                \u00d3leo sobre lienzo<br>                Museo de Arte, Lima<\/strong><\/strong><\/p>\n\n\n\n<p><strong><em>Horas de lucha, <\/em>reproducido con el permiso del volumen III de la edici\u00f3n de <em>Obras,<\/em> recoplilada por Luis Alberto S\u00e1nchez, PetroPer\u00fa, Lima, Per\u00fa. Texto preparado para la red por Brenda Crysler, entre 2000 y 2004. <\/strong><\/p>\n\n\n\n<p><strong>Aparato cr\u00edtico en esta edici\u00f3n de\u00a0<em><mark style=\"background-color:rgba(0, 0, 0, 0)\" class=\"has-inline-color has-vivid-red-color\">Horas de Lucha<\/mark>, Thomas Ward<\/em>, mejorado y corregido <strong><code>\u00a9<\/code><\/strong>2023 <\/strong><\/p>\n<div class=\"pvc_clear\"><\/div><p id=\"pvc_stats_1747\" class=\"pvc_stats total_only  \" data-element-id=\"1747\" style=\"\"><i class=\"pvc-stats-icon medium\" aria-hidden=\"true\"><svg xmlns=\"http:\/\/www.w3.org\/2000\/svg\" version=\"1.0\" viewBox=\"0 0 502 315\" preserveAspectRatio=\"xMidYMid meet\"><g transform=\"translate(0,332) scale(0.1,-0.1)\" fill=\"\" stroke=\"none\"><path d=\"M2394 3279 l-29 -30 -3 -207 c-2 -182 0 -211 15 -242 39 -76 157 -76 196 0 15 31 17 60 15 243 l-3 209 -33 29 c-26 23 -41 29 -80 29 -41 0 -53 -5 -78 -31z\"\/><path d=\"M3085 3251 c-45 -19 -58 -50 -96 -229 -47 -217 -49 -260 -13 -295 52 -53 146 -42 177 20 16 31 87 366 87 410 0 70 -86 122 -155 94z\"\/><path d=\"M1751 3234 c-13 -9 -29 -31 -37 -50 -12 -29 -10 -49 21 -204 19 -94 39 -189 45 -210 14 -50 54 -80 110 -80 34 0 48 6 76 34 21 21 34 44 34 59 0 14 -18 113 -40 219 -37 178 -43 195 -70 221 -36 32 -101 37 -139 11z\"\/><path d=\"M1163 3073 c-36 -7 -73 -59 -73 -102 0 -56 133 -378 171 -413 34 -32 83 -37 129 -13 70 36 67 87 -16 290 -86 209 -89 214 -129 231 -35 14 -42 15 -82 7z\"\/><path d=\"M3689 3066 c-15 -9 -33 -30 -42 -48 -48 -103 -147 -355 -147 -375 0 -98 131 -148 192 -74 13 15 57 108 97 206 80 196 84 226 37 273 -30 30 -99 39 -137 18z\"\/><path d=\"M583 2784 c-38 -19 -67 -74 -58 -113 9 -42 211 -354 242 -373 16 -10 45 -18 66 -18 51 0 107 52 107 100 0 39 -1 41 -124 234 -80 126 -108 162 -133 173 -41 17 -61 16 -100 -3z\"\/><path d=\"M4250 2784 c-14 -9 -74 -91 -133 -183 -95 -150 -107 -173 -107 -213 0 -55 33 -94 87 -104 67 -13 90 8 211 198 130 202 137 225 78 284 -27 27 -42 34 -72 34 -22 0 -50 -8 -64 -16z\"\/><path d=\"M2275 2693 c-553 -48 -1095 -270 -1585 -649 -135 -104 -459 -423 -483 -476 -23 -49 -22 -139 2 -186 73 -142 361 -457 571 -626 285 -228 642 -407 990 -497 242 -63 336 -73 660 -74 310 0 370 5 595 52 535 111 1045 392 1455 803 122 121 250 273 275 326 19 41 19 137 0 174 -41 79 -309 363 -465 492 -447 370 -946 591 -1479 653 -113 14 -422 18 -536 8z m395 -428 c171 -34 330 -124 456 -258 112 -119 167 -219 211 -378 27 -96 24 -300 -5 -401 -72 -255 -236 -447 -474 -557 -132 -62 -201 -76 -368 -76 -167 0 -236 14 -368 76 -213 98 -373 271 -451 485 -162 444 86 934 547 1084 153 49 292 57 452 25z m909 -232 c222 -123 408 -262 593 -441 76 -74 138 -139 138 -144 0 -16 -233 -242 -330 -319 -155 -123 -309 -223 -461 -299 l-81 -41 32 46 c18 26 49 83 70 128 143 306 141 649 -6 957 -25 52 -61 116 -79 142 l-34 47 45 -20 c26 -10 76 -36 113 -56z m-2057 25 c-40 -58 -105 -190 -130 -263 -110 -324 -59 -707 132 -981 25 -35 42 -64 37 -64 -19 0 -241 119 -326 174 -188 122 -406 314 -532 468 l-58 71 108 103 c185 178 428 349 672 473 66 33 121 60 123 61 2 0 -10 -19 -26 -42z\"\/><path d=\"M2375 1950 c-198 -44 -350 -190 -395 -379 -18 -76 -8 -221 19 -290 114 -284 457 -406 731 -260 98 52 188 154 231 260 27 69 37 214 19 290 -38 163 -166 304 -326 360 -67 23 -215 33 -279 19z\"\/><\/g><\/svg><\/i> <img loading=\"lazy\" decoding=\"async\" width=\"16\" height=\"16\" alt=\"Loading\" src=\"https:\/\/loyolanotredamelib.org\/manuelgonzalezprada\/wp-content\/plugins\/page-views-count\/ajax-loader-2x.gif\" border=0 \/><\/p><div class=\"pvc_clear\"><\/div>","protected":false},"excerpt":{"rendered":"<p>PRIMERA PARTE Los partidos y la Uni\u00f3n Nacional Librepensamiento de acci\u00f3n El intelectual y el obrero Las esclavas de la Iglesia Italia y el papado SEGUNDA PARTE Nuestro periodismo Nuestros conservadores Nuestros liberales Nuestros magistrados Nuestros legisladores Nuestra aristocracia Nuestros beduinos Nuestros tigres Nuestros ventrales Nuestros inmigrantes Nuestros aficionados Nuestras glorificaciones Nuestros Licenciados Vidriera Nuestros [&hellip;]<\/p>\n<div class=\"pvc_clear\"><\/div>\n<p id=\"pvc_stats_1747\" class=\"pvc_stats total_only  \" data-element-id=\"1747\" style=\"\"><i class=\"pvc-stats-icon medium\" aria-hidden=\"true\"><svg xmlns=\"http:\/\/www.w3.org\/2000\/svg\" version=\"1.0\" viewBox=\"0 0 502 315\" preserveAspectRatio=\"xMidYMid meet\"><g transform=\"translate(0,332) scale(0.1,-0.1)\" fill=\"\" stroke=\"none\"><path d=\"M2394 3279 l-29 -30 -3 -207 c-2 -182 0 -211 15 -242 39 -76 157 -76 196 0 15 31 17 60 15 243 l-3 209 -33 29 c-26 23 -41 29 -80 29 -41 0 -53 -5 -78 -31z\"\/><path d=\"M3085 3251 c-45 -19 -58 -50 -96 -229 -47 -217 -49 -260 -13 -295 52 -53 146 -42 177 20 16 31 87 366 87 410 0 70 -86 122 -155 94z\"\/><path d=\"M1751 3234 c-13 -9 -29 -31 -37 -50 -12 -29 -10 -49 21 -204 19 -94 39 -189 45 -210 14 -50 54 -80 110 -80 34 0 48 6 76 34 21 21 34 44 34 59 0 14 -18 113 -40 219 -37 178 -43 195 -70 221 -36 32 -101 37 -139 11z\"\/><path d=\"M1163 3073 c-36 -7 -73 -59 -73 -102 0 -56 133 -378 171 -413 34 -32 83 -37 129 -13 70 36 67 87 -16 290 -86 209 -89 214 -129 231 -35 14 -42 15 -82 7z\"\/><path d=\"M3689 3066 c-15 -9 -33 -30 -42 -48 -48 -103 -147 -355 -147 -375 0 -98 131 -148 192 -74 13 15 57 108 97 206 80 196 84 226 37 273 -30 30 -99 39 -137 18z\"\/><path d=\"M583 2784 c-38 -19 -67 -74 -58 -113 9 -42 211 -354 242 -373 16 -10 45 -18 66 -18 51 0 107 52 107 100 0 39 -1 41 -124 234 -80 126 -108 162 -133 173 -41 17 -61 16 -100 -3z\"\/><path d=\"M4250 2784 c-14 -9 -74 -91 -133 -183 -95 -150 -107 -173 -107 -213 0 -55 33 -94 87 -104 67 -13 90 8 211 198 130 202 137 225 78 284 -27 27 -42 34 -72 34 -22 0 -50 -8 -64 -16z\"\/><path d=\"M2275 2693 c-553 -48 -1095 -270 -1585 -649 -135 -104 -459 -423 -483 -476 -23 -49 -22 -139 2 -186 73 -142 361 -457 571 -626 285 -228 642 -407 990 -497 242 -63 336 -73 660 -74 310 0 370 5 595 52 535 111 1045 392 1455 803 122 121 250 273 275 326 19 41 19 137 0 174 -41 79 -309 363 -465 492 -447 370 -946 591 -1479 653 -113 14 -422 18 -536 8z m395 -428 c171 -34 330 -124 456 -258 112 -119 167 -219 211 -378 27 -96 24 -300 -5 -401 -72 -255 -236 -447 -474 -557 -132 -62 -201 -76 -368 -76 -167 0 -236 14 -368 76 -213 98 -373 271 -451 485 -162 444 86 934 547 1084 153 49 292 57 452 25z m909 -232 c222 -123 408 -262 593 -441 76 -74 138 -139 138 -144 0 -16 -233 -242 -330 -319 -155 -123 -309 -223 -461 -299 l-81 -41 32 46 c18 26 49 83 70 128 143 306 141 649 -6 957 -25 52 -61 116 -79 142 l-34 47 45 -20 c26 -10 76 -36 113 -56z m-2057 25 c-40 -58 -105 -190 -130 -263 -110 -324 -59 -707 132 -981 25 -35 42 -64 37 -64 -19 0 -241 119 -326 174 -188 122 -406 314 -532 468 l-58 71 108 103 c185 178 428 349 672 473 66 33 121 60 123 61 2 0 -10 -19 -26 -42z\"\/><path d=\"M2375 1950 c-198 -44 -350 -190 -395 -379 -18 -76 -8 -221 19 -290 114 -284 457 -406 731 -260 98 52 188 154 231 260 27 69 37 214 19 290 -38 163 -166 304 -326 360 -67 23 -215 33 -279 19z\"\/><\/g><\/svg><\/i> <img loading=\"lazy\" decoding=\"async\" width=\"16\" height=\"16\" alt=\"Loading\" src=\"https:\/\/loyolanotredamelib.org\/manuelgonzalezprada\/wp-content\/plugins\/page-views-count\/ajax-loader-2x.gif\" border=0 \/><\/p>\n<div class=\"pvc_clear\"><\/div>\n","protected":false},"author":2,"featured_media":0,"parent":0,"menu_order":0,"comment_status":"closed","ping_status":"closed","template":"","meta":{"footnotes":""},"class_list":["post-1747","page","type-page","status-publish","hentry"],"_links":{"self":[{"href":"https:\/\/loyolanotredamelib.org\/manuelgonzalezprada\/wp-json\/wp\/v2\/pages\/1747","targetHints":{"allow":["GET"]}}],"collection":[{"href":"https:\/\/loyolanotredamelib.org\/manuelgonzalezprada\/wp-json\/wp\/v2\/pages"}],"about":[{"href":"https:\/\/loyolanotredamelib.org\/manuelgonzalezprada\/wp-json\/wp\/v2\/types\/page"}],"author":[{"embeddable":true,"href":"https:\/\/loyolanotredamelib.org\/manuelgonzalezprada\/wp-json\/wp\/v2\/users\/2"}],"replies":[{"embeddable":true,"href":"https:\/\/loyolanotredamelib.org\/manuelgonzalezprada\/wp-json\/wp\/v2\/comments?post=1747"}],"version-history":[{"count":31,"href":"https:\/\/loyolanotredamelib.org\/manuelgonzalezprada\/wp-json\/wp\/v2\/pages\/1747\/revisions"}],"predecessor-version":[{"id":2328,"href":"https:\/\/loyolanotredamelib.org\/manuelgonzalezprada\/wp-json\/wp\/v2\/pages\/1747\/revisions\/2328"}],"wp:attachment":[{"href":"https:\/\/loyolanotredamelib.org\/manuelgonzalezprada\/wp-json\/wp\/v2\/media?parent=1747"}],"curies":[{"name":"wp","href":"https:\/\/api.w.org\/{rel}","templated":true}]}}